{"id":11639,"date":"2023-10-07T04:06:16","date_gmt":"2023-10-07T08:06:16","guid":{"rendered":"https:\/\/10-twenty.ca\/?page_id=11639"},"modified":"2023-12-29T09:19:35","modified_gmt":"2023-12-29T14:19:35","slug":"privacy-policy","status":"publish","type":"page","link":"https:\/\/10-twenty.ca\/fr\/privacy-policy\/","title":{"rendered":"Privacy Policy-fr"},"content":{"rendered":"<p>[et_pb_section fb_built=\u00a0\u00bb1&Prime; disabled_on=\u00a0\u00bbon|on|off\u00a0\u00bb admin_label=\u00a0\u00bbOur Services\u00a0\u00bb _builder_version=\u00a0\u00bb4.22.2&Prime; background_color=\u00a0\u00bbrgba(255,255,255,0.84)\u00a0\u00bb custom_padding=\u00a0\u00bb50px|0px|100px|0px|false|false\u00a0\u00bb global_colors_info=\u00a0\u00bb{}\u00a0\u00bb][et_pb_row _builder_version=\u00a0\u00bb4.22.2&Prime; _module_preset=\u00a0\u00bbdefault\u00a0\u00bb custom_padding=\u00a0\u00bb||4px|||\u00a0\u00bb global_colors_info=\u00a0\u00bb{}\u00a0\u00bb][et_pb_column type=\u00a0\u00bb4_4&Prime; _builder_version=\u00a0\u00bb4.22.2&Prime; _module_preset=\u00a0\u00bbdefault\u00a0\u00bb global_colors_info=\u00a0\u00bb{}\u00a0\u00bb][et_pb_text _builder_version=\u00a0\u00bb4.22.2&Prime; _module_preset=\u00a0\u00bbdefault\u00a0\u00bb header_font=\u00a0\u00bb|600||on|||||\u00a0\u00bb hover_enabled=\u00a0\u00bb0&Prime; global_colors_info=\u00a0\u00bb{}\u00a0\u00bb sticky_enabled=\u00a0\u00bb0&Prime;]<\/p>\n<h1 class=\"jupiterx-main-header-post-title\"><b>POLITIQUE DE CONFIDENTIALIT\u00c9<\/b><\/h1>\n<p>[\/et_pb_text][\/et_pb_column][\/et_pb_row][et_pb_row _builder_version=\u00a0\u00bb4.22.2&Prime; _module_preset=\u00a0\u00bbdefault\u00a0\u00bb global_colors_info=\u00a0\u00bb{}\u00a0\u00bb][et_pb_column type=\u00a0\u00bb4_4&Prime; _builder_version=\u00a0\u00bb4.22.2&Prime; _module_preset=\u00a0\u00bbdefault\u00a0\u00bb global_colors_info=\u00a0\u00bb{}\u00a0\u00bb][et_pb_text _builder_version=\u00a0\u00bb4.22.2&Prime; _module_preset=\u00a0\u00bbdefault\u00a0\u00bb header_2_text_color=\u00a0\u00bb#000000&Prime; header_2_font_size=\u00a0\u00bb24px\u00a0\u00bb header_3_text_color=\u00a0\u00bbrgba(0,0,0,0.8)\u00a0\u00bb header_3_font_size=\u00a0\u00bb20px\u00a0\u00bb hover_enabled=\u00a0\u00bb0&Prime; global_colors_info=\u00a0\u00bb{}\u00a0\u00bb sticky_enabled=\u00a0\u00bb0&Prime;]<span style=\"font-weight: 400;\">Le site www.10-twenty.ca (le \u00a0\u00bb site \u00ab\u00a0) est d\u00e9tenu et exploit\u00e9 par 10|20 Marketing Inc. Voir les coordonn\u00e9es au bas de cette page.<\/span><\/p>\n<h2>Objet de la politique de confidentialit\u00e9<\/h2>\n<p><span style=\"font-weight: 400;\">L&rsquo;objectif de la pr\u00e9sente politique de confidentialit\u00e9 (la \u00a0\u00bb politique de confidentialit\u00e9 \u00ab\u00a0) est d&rsquo;informer les utilisateurs de notre site des \u00e9l\u00e9ments suivants :<\/span><\/p>\n<p><span style=\"font-weight: 400;\">Les donn\u00e9es personnelles que nous collectons ;<\/span><\/p>\n<ol>\n<li><span style=\"font-weight: 400;\">L&rsquo;utilisation des donn\u00e9es collect\u00e9es ;<\/span><\/li>\n<li><span style=\"font-weight: 400;\">Qui a acc\u00e8s aux donn\u00e9es collect\u00e9es ;<\/span><\/li>\n<li><span style=\"font-weight: 400;\">les droits des utilisateurs du site ; et<\/span><\/li>\n<li><span style=\"font-weight: 400;\">la politique du site en mati\u00e8re de cookies.<\/span><\/li>\n<li><span style=\"font-weight: 400;\">La pr\u00e9sente politique de confidentialit\u00e9 s&rsquo;applique en compl\u00e9ment des conditions g\u00e9n\u00e9rales de notre site.<\/span><\/li>\n<\/ol>\n<h2>Droit applicable<\/h2>\n<p><span style=\"font-weight: 400;\">La pr\u00e9sente politique est r\u00e9gie par les lois de la province de Qu\u00e9bec.<\/span><\/p>\n<h2>Consentement<\/h2>\n<p><span style=\"font-weight: 400;\">En utilisant notre site, les utilisateurs conviennent qu&rsquo;ils acceptent :<\/span><\/p>\n<ol>\n<li><span style=\"font-weight: 400;\">aux conditions \u00e9nonc\u00e9es dans la pr\u00e9sente politique de confidentialit\u00e9 ; et<\/span><\/li>\n<li><span style=\"font-weight: 400;\">\u00e0 la collecte, \u00e0 l&rsquo;utilisation et \u00e0 la conservation des donn\u00e9es \u00e9num\u00e9r\u00e9es dans la pr\u00e9sente politique de confidentialit\u00e9.<\/span><span style=\"font-weight: 400;\"><\/span><\/li>\n<\/ol>\n<h2>Donn\u00e9es personnelles que nous collectons<\/h2>\n<p><span style=\"font-weight: 400;\">Nous ne recueillons que les donn\u00e9es qui nous aident \u00e0 atteindre l&rsquo;objectif d\u00e9fini dans la pr\u00e9sente politique de confidentialit\u00e9. Nous ne collecterons pas d&rsquo;autres donn\u00e9es que celles \u00e9num\u00e9r\u00e9es ci-dessous sans vous en informer au pr\u00e9alable.<\/span><\/p>\n<h2>Donn\u00e9es collect\u00e9es de mani\u00e8re non automatique<\/h2>\n<p><span style=\"font-weight: 400;\">Nous pouvons \u00e9galement collecter les donn\u00e9es suivantes lorsque vous effectuez certaines fonctions sur notre site :<\/span><\/p>\n<ol>\n<li><span style=\"font-weight: 400;\">Nom et pr\u00e9nom ;<\/span><\/li>\n<li><span style=\"font-weight: 400;\">adresse \u00e9lectronique ; et<\/span><\/li>\n<li><span style=\"font-weight: 400;\">Informations de paiement.<\/span><\/li>\n<\/ol>\n<p><span style=\"font-weight: 400;\">Ces donn\u00e9es peuvent \u00eatre collect\u00e9es par les m\u00e9thodes suivantes :<\/span><\/p>\n<ol>\n<li><span style=\"font-weight: 400;\">en remplissant un formulaire.<\/span><\/li>\n<\/ol>\n<h2>Utilisation des donn\u00e9es personnelles<\/h2>\n<p><span style=\"font-weight: 400;\">Les donn\u00e9es collect\u00e9es sur notre site ne seront utilis\u00e9es qu&rsquo;aux fins sp\u00e9cifi\u00e9es dans la pr\u00e9sente politique de confidentialit\u00e9 ou sur les pages correspondantes de notre site. Nous n&rsquo;utiliserons pas vos donn\u00e9es au-del\u00e0 de ce que nous indiquons dans la pr\u00e9sente politique de confidentialit\u00e9.<\/span><\/p>\n<p><span style=\"font-weight: 400;\">Les donn\u00e9es que nous collectons lorsque l&rsquo;utilisateur ex\u00e9cute certaines fonctions peuvent \u00eatre utilis\u00e9es aux fins suivantes :<\/span><\/p>\n<ol>\n<li><span style=\"font-weight: 400;\">Communication,<\/span><\/li>\n<li><span style=\"font-weight: 400;\">facturation.<\/span><\/li>\n<\/ol>\n<h2>Avec qui partageons-nous les donn\u00e9es personnelles ?<\/h2>\n<h3>Employ\u00e9s<\/h3>\n<p><span style=\"font-weight: 400;\">Nous pouvons divulguer les donn\u00e9es des utilisateurs \u00e0 tout membre de notre organisation qui a raisonnablement besoin d&rsquo;acc\u00e9der aux donn\u00e9es des utilisateurs pour atteindre les objectifs \u00e9nonc\u00e9s dans la pr\u00e9sente politique de confidentialit\u00e9.<\/span><\/p>\n<h3>Autres divulgations<\/h3>\n<p><span style=\"font-weight: 400;\">Nous ne vendrons ni ne partagerons vos donn\u00e9es avec des tiers, sauf dans les cas suivants :<\/span><\/p>\n<ol>\n<li><span style=\"font-weight: 400;\">Si la loi l&rsquo;exige ;<\/span><\/li>\n<li><span style=\"font-weight: 400;\">Si cela est n\u00e9cessaire dans le cadre d&rsquo;une proc\u00e9dure judiciaire ;<\/span><\/li>\n<li><span style=\"font-weight: 400;\">pour prouver ou prot\u00e9ger nos droits l\u00e9gaux ; et<\/span><\/li>\n<li><span style=\"font-weight: 400;\">aux acheteurs ou acheteurs potentiels de cette soci\u00e9t\u00e9 dans le cas o\u00f9 nous chercherions \u00e0 vendre la soci\u00e9t\u00e9.<\/span><\/li>\n<\/ol>\n<p><span style=\"font-weight: 400;\">Si vous suivez des hyperliens de notre site vers un autre site, veuillez noter que nous ne sommes pas responsables de leurs politiques et pratiques en mati\u00e8re de protection de la vie priv\u00e9e et que nous n&rsquo;avons aucun contr\u00f4le sur celles-ci.<\/span><\/p>\n<h2>Dur\u00e9e de conservation des donn\u00e9es personnelles<\/h2>\n<p><span style=\"font-weight: 400;\">Les donn\u00e9es des utilisateurs seront conserv\u00e9es jusqu&rsquo;\u00e0 ce que l&rsquo;objectif pour lequel elles ont \u00e9t\u00e9 collect\u00e9es ait \u00e9t\u00e9 atteint.<\/span><\/p>\n<p><span style=\"font-weight: 400;\">Vous serez inform\u00e9 si vos donn\u00e9es sont conserv\u00e9es au-del\u00e0 de cette p\u00e9riode.<\/span><\/p>\n<h2>Comment nous prot\u00e9geons vos donn\u00e9es personnelles<\/h2>\n<p><span style=\"font-weight: 400;\">Pour prot\u00e9ger votre s\u00e9curit\u00e9, nous utilisons le cryptage de navigateur le plus puissant qui soit et nous stockons toutes nos donn\u00e9es sur des serveurs situ\u00e9s dans des installations s\u00e9curis\u00e9es. L&rsquo;ensemble des donn\u00e9es n&rsquo;est accessible qu&rsquo;\u00e0 nos employ\u00e9s. Des accords de confidentialit\u00e9 stricts lient nos employ\u00e9s, et toute violation de cet accord entra\u00eenerait le licenciement de l&#8217;employ\u00e9.<\/span><\/p>\n<p><span style=\"font-weight: 400;\">Bien que nous prenions toutes les pr\u00e9cautions raisonnables pour garantir la s\u00e9curit\u00e9 des donn\u00e9es des utilisateurs et leur protection, il subsiste toujours un risque de pr\u00e9judice. L&rsquo;Internet dans son ensemble est connu pour \u00eatre parfois peu s\u00fbr ; par cons\u00e9quent, nous ne pouvons pas garantir la s\u00e9curit\u00e9 des donn\u00e9es des utilisateurs au-del\u00e0 de ce qui est raisonnablement possible.<\/span><\/p>\n<h2>Enfants<\/h2>\n<p><span style=\"font-weight: 400;\">Nous ne collectons ni n&rsquo;utilisons sciemment les donn\u00e9es personnelles d&rsquo;enfants de moins de 13 ans. Si nous apprenons que nous avons collect\u00e9 des donn\u00e9es \u00e0 caract\u00e8re personnel aupr\u00e8s d&rsquo;un enfant de moins de 13 ans, ces donn\u00e9es seront supprim\u00e9es d\u00e8s que possible. Si un enfant de moins de 13 ans nous a fourni des donn\u00e9es personnelles, ses parents ou son tuteur peuvent contacter notre responsable de la protection de la vie priv\u00e9e.<\/span><\/p>\n<h2>Comment acc\u00e9der aux donn\u00e9es collect\u00e9es, les modifier, les supprimer ou les contester ?<\/h2>\n<p><span style=\"font-weight: 400;\">Si vous souhaitez savoir si nous avons collect\u00e9 vos donn\u00e9es personnelles, comment nous les avons utilis\u00e9es, si nous les avons divulgu\u00e9es et \u00e0 qui nous les avons divulgu\u00e9es, ou si vous souhaitez que vos donn\u00e9es soient supprim\u00e9es ou modifi\u00e9es de quelque mani\u00e8re que ce soit, veuillez nous contacter.<\/span><\/p>\n<h2>Avis \u00ab\u00a0Do Not Track\u00a0\u00bb<\/h2>\n<p><span style=\"font-weight: 400;\">Do Not Track (\u00ab\u00a0DNT\u00a0\u00bb) est une pr\u00e9f\u00e9rence en mati\u00e8re de protection de la vie priv\u00e9e que vous pouvez d\u00e9finir dans certains navigateurs web. Nous ne suivons pas les utilisateurs de notre site dans le temps et sur les sites web de tiers et ne r\u00e9pondons donc pas aux signaux DNT lanc\u00e9s par les navigateurs.<\/span><\/p>\n<h2>Politique en mati\u00e8re de cookies<\/h2>\n<p><span style=\"font-weight: 400;\">Un cookie est un petit fichier stock\u00e9 sur le disque dur d&rsquo;un utilisateur par un site web. Il a pour but de collecter des donn\u00e9es relatives aux habitudes de navigation de l&rsquo;utilisateur. Vous pouvez choisir d&rsquo;\u00eatre averti chaque fois qu&rsquo;un cookie est transmis. Vous pouvez \u00e9galement d\u00e9sactiver enti\u00e8rement les cookies dans votre navigateur Internet, ce qui peut diminuer la qualit\u00e9 de votre exp\u00e9rience utilisateur.<\/span><\/p>\n<p><span style=\"font-weight: 400;\">Nous utilisons les types de cookies suivants sur notre site :<\/span><\/p>\n<p><strong>1. Cookies fonctionnels<\/strong><\/p>\n<p><span style=\"font-weight: 400;\">Les cookies fonctionnels sont utilis\u00e9s pour m\u00e9moriser les s\u00e9lections que vous faites sur notre site afin que vos s\u00e9lections soient sauvegard\u00e9es pour vos prochaines visites;<\/span><\/p>\n<p><strong>2. Cookies analytiques<\/strong><\/p>\n<p><span style=\"font-weight: 400;\">Les cookies analytiques nous permettent d&rsquo;am\u00e9liorer la conception et la fonctionnalit\u00e9 de notre site en collectant des donn\u00e9es sur la mani\u00e8re dont vous acc\u00e9dez \u00e0 notre site, par exemple des donn\u00e9es sur le contenu auquel vous acc\u00e9dez, la dur\u00e9e de votre visite sur notre site, etc.<\/span><\/p>\n<p><strong>3. Cookies de tiers<\/strong><\/p>\n<p><span style=\"font-weight: 400;\">Les cookies de tiers sont cr\u00e9\u00e9s par un site web autre que le n\u00f4tre. Nous pouvons utiliser des cookies tiers pour atteindre les objectifs suivants :<\/span><\/p>\n<ol>\n<li><span style=\"font-weight: 400;\">Cookies Google Analytics.<\/span><\/li>\n<\/ol>\n<h2>Modifications<\/h2>\n<p><span style=\"font-weight: 400;\">La pr\u00e9sente politique de protection de la vie priv\u00e9e peut \u00eatre modifi\u00e9e p\u00e9riodiquement afin de rester conforme \u00e0 la loi et de refl\u00e9ter toute modification apport\u00e9e \u00e0 notre processus de collecte de donn\u00e9es. Lorsque nous modifions la pr\u00e9sente politique de confidentialit\u00e9, nous mettons \u00e0 jour la \u00ab\u00a0date d&rsquo;entr\u00e9e en vigueur\u00a0\u00bb en haut de la pr\u00e9sente politique de confidentialit\u00e9. Nous recommandons \u00e0 nos utilisateurs de consulter r\u00e9guli\u00e8rement notre politique de protection de la vie priv\u00e9e afin de s&rsquo;assurer qu&rsquo;ils sont inform\u00e9s de toute mise \u00e0 jour. Le cas \u00e9ch\u00e9ant, nous pouvons informer les utilisateurs par courrier \u00e9lectronique des modifications apport\u00e9es \u00e0 la pr\u00e9sente politique de confidentialit\u00e9.<\/span><\/p>\n<h2>Informations de contact<\/h2>\n<p><span style=\"font-weight: 400;\">Si vous avez des questions, des pr\u00e9occupations ou des plaintes, vous pouvez contacter notre responsable de la protection de la vie priv\u00e9e \u00e0 l&rsquo;adresse suivante :<\/span><\/p>\n<h3>Courrier<\/h3>\n<p>10|20 Marketing Inc.<br \/>\n<span style=\"font-weight: 400;\">2020, autoroute Transcanadienne #107-16<\/span><br \/>\nDorval, Qu\u00e9bec, H9P 2N4<\/p>\n<h3>T\u00e9l\u00e9phone<\/h3>\n<p>1-888-388-1020<\/p>\n<h3>Courriel<\/h3>\n<p><a href=\"mailto:mark@10-twenty.ca\">mark@10-twenty.ca<\/a><\/p>\n<h2>Date d&rsquo;entr\u00e9e en vigueur<\/h2>\n<p>Le 1er ao\u00fbt 2022[\/et_pb_text][\/et_pb_column][\/et_pb_row][\/et_pb_section]<\/p>\n","protected":false},"excerpt":{"rendered":"<p>POLITIQUE DE CONFIDENTIALIT\u00c9Le site www.10-twenty.ca (le \u00a0\u00bb site \u00ab\u00a0) est d\u00e9tenu et exploit\u00e9 par 10|20 Marketing Inc. Voir les coordonn\u00e9es au bas de cette page. Objet de la politique de confidentialit\u00e9 L&rsquo;objectif de la pr\u00e9sente politique de confidentialit\u00e9 (la \u00a0\u00bb politique de confidentialit\u00e9 \u00ab\u00a0) est d&rsquo;informer les utilisateurs de notre site des \u00e9l\u00e9ments suivants : [&hellip;]<\/p>\n","protected":false},"author":1,"featured_media":0,"parent":0,"menu_order":0,"comment_status":"closed","ping_status":"closed","template":"","meta":{"_et_pb_use_builder":"on","_et_pb_old_content":"","_et_gb_content_width":"","footnotes":""},"class_list":["post-11639","page","type-page","status-publish","hentry"],"_links":{"self":[{"href":"https:\/\/10-twenty.ca\/fr\/wp-json\/wp\/v2\/pages\/11639","targetHints":{"allow":["GET"]}}],"collection":[{"href":"https:\/\/10-twenty.ca\/fr\/wp-json\/wp\/v2\/pages"}],"about":[{"href":"https:\/\/10-twenty.ca\/fr\/wp-json\/wp\/v2\/types\/page"}],"author":[{"embeddable":true,"href":"https:\/\/10-twenty.ca\/fr\/wp-json\/wp\/v2\/users\/1"}],"replies":[{"embeddable":true,"href":"https:\/\/10-twenty.ca\/fr\/wp-json\/wp\/v2\/comments?post=11639"}],"version-history":[{"count":3,"href":"https:\/\/10-twenty.ca\/fr\/wp-json\/wp\/v2\/pages\/11639\/revisions"}],"predecessor-version":[{"id":11722,"href":"https:\/\/10-twenty.ca\/fr\/wp-json\/wp\/v2\/pages\/11639\/revisions\/11722"}],"wp:attachment":[{"href":"https:\/\/10-twenty.ca\/fr\/wp-json\/wp\/v2\/media?parent=11639"}],"curies":[{"name":"wp","href":"https:\/\/api.w.org\/{rel}","templated":true}]}}